{"id":290,"date":"2023-08-07T14:36:57","date_gmt":"2023-08-07T12:36:57","guid":{"rendered":"https:\/\/www.kunterbunt-oberdorf.ch\/?page_id=290"},"modified":"2025-07-29T14:38:36","modified_gmt":"2025-07-29T12:38:36","slug":"familientreff","status":"publish","type":"page","link":"https:\/\/www.kunterbunt-oberdorf.ch\/?page_id=290","title":{"rendered":"Familien-Treff"},"content":{"rendered":"\t\t<div data-elementor-type=\"wp-page\" data-elementor-id=\"290\" class=\"elementor elementor-290\">\n\t\t\t\t\t\t<section class=\"elementor-section elementor-top-section elementor-element elementor-element-6dda8df elementor-section-boxed elementor-section-height-default elementor-section-height-default\" data-id=\"6dda8df\" data-element_type=\"section\" data-e-type=\"section\">\n\t\t\t\t\t\t<div class=\"elementor-container elementor-column-gap-default\">\n\t\t\t\t\t<div class=\"elementor-column elementor-col-100 elementor-top-column elementor-element elementor-element-c405c10\" data-id=\"c405c10\" data-element_type=\"column\" data-e-type=\"column\">\n\t\t\t<div class=\"elementor-widget-wrap elementor-element-populated\">\n\t\t\t\t\t\t<div class=\"elementor-element elementor-element-90dbb08 elementor-widget elementor-widget-image\" data-id=\"90dbb08\" data-element_type=\"widget\" data-e-type=\"widget\" data-widget_type=\"image.default\">\n\t\t\t\t<div class=\"elementor-widget-container\">\n\t\t\t\t\t\t\t\t\t\t\t\t\t\t\t<img fetchpriority=\"high\" decoding=\"async\" width=\"1024\" height=\"67\" src=\"https:\/\/www.kunterbunt-oberdorf.ch\/wp-content\/uploads\/2023\/05\/Maennlikette-aneinander-1024x67.png\" class=\"attachment-large size-large wp-image-377\" alt=\"\" srcset=\"https:\/\/www.kunterbunt-oberdorf.ch\/wp-content\/uploads\/2023\/05\/Maennlikette-aneinander-1024x67.png 1024w, https:\/\/www.kunterbunt-oberdorf.ch\/wp-content\/uploads\/2023\/05\/Maennlikette-aneinander-300x20.png 300w, https:\/\/www.kunterbunt-oberdorf.ch\/wp-content\/uploads\/2023\/05\/Maennlikette-aneinander-768x50.png 768w, https:\/\/www.kunterbunt-oberdorf.ch\/wp-content\/uploads\/2023\/05\/Maennlikette-aneinander-1536x101.png 1536w, https:\/\/www.kunterbunt-oberdorf.ch\/wp-content\/uploads\/2023\/05\/Maennlikette-aneinander-2048x135.png 2048w\" sizes=\"(max-width: 1024px) 100vw, 1024px\" \/>\t\t\t\t\t\t\t\t\t\t\t\t\t\t\t<\/div>\n\t\t\t\t<\/div>\n\t\t\t\t<div class=\"elementor-element elementor-element-f20f170 elementor-widget elementor-widget-spacer\" data-id=\"f20f170\" data-element_type=\"widget\" data-e-type=\"widget\" data-widget_type=\"spacer.default\">\n\t\t\t\t<div class=\"elementor-widget-container\">\n\t\t\t\t\t\t\t<div class=\"elementor-spacer\">\n\t\t\t<div class=\"elementor-spacer-inner\"><\/div>\n\t\t<\/div>\n\t\t\t\t\t\t<\/div>\n\t\t\t\t<\/div>\n\t\t\t\t<div class=\"elementor-element elementor-element-9159488 elementor-widget elementor-widget-heading\" data-id=\"9159488\" data-element_type=\"widget\" data-e-type=\"widget\" data-widget_type=\"heading.default\">\n\t\t\t\t<div class=\"elementor-widget-container\">\n\t\t\t\t\t<h2 class=\"elementor-heading-title elementor-size-default\">Familientreff<\/h2>\t\t\t\t<\/div>\n\t\t\t\t<\/div>\n\t\t\t\t\t<\/div>\n\t\t<\/div>\n\t\t\t\t\t<\/div>\n\t\t<\/section>\n\t\t\t\t<section class=\"elementor-section elementor-top-section elementor-element elementor-element-de31d34 elementor-section-boxed elementor-section-height-default elementor-section-height-default\" data-id=\"de31d34\" data-element_type=\"section\" data-e-type=\"section\">\n\t\t\t\t\t\t<div class=\"elementor-container elementor-column-gap-default\">\n\t\t\t\t\t<div class=\"elementor-column elementor-col-100 elementor-top-column elementor-element elementor-element-55d0a03\" data-id=\"55d0a03\" data-element_type=\"column\" data-e-type=\"column\">\n\t\t\t<div class=\"elementor-widget-wrap elementor-element-populated\">\n\t\t\t\t\t\t<div class=\"elementor-element elementor-element-c95b0a6 elementor-widget elementor-widget-text-editor\" data-id=\"c95b0a6\" data-element_type=\"widget\" data-e-type=\"widget\" data-widget_type=\"text-editor.default\">\n\t\t\t\t<div class=\"elementor-widget-container\">\n\t\t\t\t\t\t\t\t\t<p style=\"text-align: center;\">Der Familien-Treff ist ein offener und unverbindlicher Treffpunkt f\u00fcr M\u00fctter und V\u00e4ter mit ihren Kindern, Kleinkindern und Babys. In entspannter Atmosph\u00e4re und kindgerechter Umgebung k\u00f6nnen die Eltern Erfahrungen austauschen, \u00fcber Alltagsprobleme diskutieren und andere Mamis und Papis kennen lernen. Die Kinder kn\u00fcpfen erste Freundschaften und spielen zusammen.<\/p>\n<p style=\"text-align: center;\">Herzlich laden wir Sie ein, vorbeizuschauen! Bitte melden Sie sich bis sp\u00e4testens Montagabend mit einer SMS an <strong>Rahel Amiti (079 522 72 63)<\/strong> an. Besten Dank!<\/p>\n<p style=\"text-align: center;\">Wir freuen uns auf Ihren Besuch!<\/p>\t\t\t\t\t\t\t\t<\/div>\n\t\t\t\t<\/div>\n\t\t\t\t<div class=\"elementor-element elementor-element-1d0b2ed elementor-widget elementor-widget-heading\" data-id=\"1d0b2ed\" data-element_type=\"widget\" data-e-type=\"widget\" data-widget_type=\"heading.default\">\n\t\t\t\t<div class=\"elementor-widget-container\">\n\t\t\t\t\t<h2 class=\"elementor-heading-title elementor-size-default\">Wo<\/h2>\t\t\t\t<\/div>\n\t\t\t\t<\/div>\n\t\t\t\t<div class=\"elementor-element elementor-element-970363a elementor-widget elementor-widget-text-editor\" data-id=\"970363a\" data-element_type=\"widget\" data-e-type=\"widget\" data-widget_type=\"text-editor.default\">\n\t\t\t\t<div class=\"elementor-widget-container\">\n\t\t\t\t\t\t\t\t\t<p style=\"text-align: center;\">In der Spielgruppe Kunterbunt an der Schulstrasse 12 in Oberdorf (EG)<\/p>\t\t\t\t\t\t\t\t<\/div>\n\t\t\t\t<\/div>\n\t\t\t\t<div class=\"elementor-element elementor-element-0a9659b elementor-widget elementor-widget-heading\" data-id=\"0a9659b\" data-element_type=\"widget\" data-e-type=\"widget\" data-widget_type=\"heading.default\">\n\t\t\t\t<div class=\"elementor-widget-container\">\n\t\t\t\t\t<h2 class=\"elementor-heading-title elementor-size-default\">Wann<\/h2>\t\t\t\t<\/div>\n\t\t\t\t<\/div>\n\t\t\t\t<div class=\"elementor-element elementor-element-40f95f8 elementor-widget elementor-widget-text-editor\" data-id=\"40f95f8\" data-element_type=\"widget\" data-e-type=\"widget\" data-widget_type=\"text-editor.default\">\n\t\t\t\t<div class=\"elementor-widget-container\">\n\t\t\t\t\t\t\t\t\t<p style=\"text-align: center;\">Jeden Dienstag von 09.00 Uhr bis 11.00 Uhr (in den Schulferien nach Anfrage)<\/p>\t\t\t\t\t\t\t\t<\/div>\n\t\t\t\t<\/div>\n\t\t\t\t<div class=\"elementor-element elementor-element-d3e4852 elementor-widget elementor-widget-heading\" data-id=\"d3e4852\" data-element_type=\"widget\" data-e-type=\"widget\" data-widget_type=\"heading.default\">\n\t\t\t\t<div class=\"elementor-widget-container\">\n\t\t\t\t\t<h2 class=\"elementor-heading-title elementor-size-default\">Mitbringen<\/h2>\t\t\t\t<\/div>\n\t\t\t\t<\/div>\n\t\t\t\t<div class=\"elementor-element elementor-element-6438851 elementor-widget elementor-widget-text-editor\" data-id=\"6438851\" data-element_type=\"widget\" data-e-type=\"widget\" data-widget_type=\"text-editor.default\">\n\t\t\t\t<div class=\"elementor-widget-container\">\n\t\t\t\t\t\t\t\t\t<p style=\"text-align: center;\">Finken und ein \u201eZvieri\u201c<\/p>\t\t\t\t\t\t\t\t<\/div>\n\t\t\t\t<\/div>\n\t\t\t\t<div class=\"elementor-element elementor-element-7f2d4f3 elementor-widget elementor-widget-heading\" data-id=\"7f2d4f3\" data-element_type=\"widget\" data-e-type=\"widget\" data-widget_type=\"heading.default\">\n\t\t\t\t<div class=\"elementor-widget-container\">\n\t\t\t\t\t<h2 class=\"elementor-heading-title elementor-size-default\">Kosten<\/h2>\t\t\t\t<\/div>\n\t\t\t\t<\/div>\n\t\t\t\t<div class=\"elementor-element elementor-element-b751662 elementor-widget elementor-widget-text-editor\" data-id=\"b751662\" data-element_type=\"widget\" data-e-type=\"widget\" data-widget_type=\"text-editor.default\">\n\t\t\t\t<div class=\"elementor-widget-container\">\n\t\t\t\t\t\t\t\t\t<p style=\"text-align: center;\">Fr 3.- pro Familie<\/p>\t\t\t\t\t\t\t\t<\/div>\n\t\t\t\t<\/div>\n\t\t\t\t<div class=\"elementor-element elementor-element-ec55968 elementor-widget elementor-widget-heading\" data-id=\"ec55968\" data-element_type=\"widget\" data-e-type=\"widget\" data-widget_type=\"heading.default\">\n\t\t\t\t<div class=\"elementor-widget-container\">\n\t\t\t\t\t<h2 class=\"elementor-heading-title elementor-size-default\">Kontaktperson<\/h2>\t\t\t\t<\/div>\n\t\t\t\t<\/div>\n\t\t\t\t<div class=\"elementor-element elementor-element-02fdfd6 elementor-widget elementor-widget-text-editor\" data-id=\"02fdfd6\" data-element_type=\"widget\" data-e-type=\"widget\" data-widget_type=\"text-editor.default\">\n\t\t\t\t<div class=\"elementor-widget-container\">\n\t\t\t\t\t\t\t\t\t<p style=\"text-align: center;\">Rahel Amiti: 079 522 72 63<\/p><p style=\"text-align: center;\"><em>Familienfrau, diplomierte Sozialp\u00e4dagogin<\/em><\/p>\t\t\t\t\t\t\t\t<\/div>\n\t\t\t\t<\/div>\n\t\t\t\t\t<\/div>\n\t\t<\/div>\n\t\t\t\t\t<\/div>\n\t\t<\/section>\n\t\t\t\t<section class=\"elementor-section elementor-top-section elementor-element elementor-element-b48d07d elementor-section-boxed elementor-section-height-default elementor-section-height-default\" data-id=\"b48d07d\" data-element_type=\"section\" data-e-type=\"section\">\n\t\t\t\t\t\t<div class=\"elementor-container elementor-column-gap-default\">\n\t\t\t\t\t<div class=\"elementor-column elementor-col-100 elementor-top-column elementor-element elementor-element-2c84869\" data-id=\"2c84869\" data-element_type=\"column\" data-e-type=\"column\">\n\t\t\t<div class=\"elementor-widget-wrap elementor-element-populated\">\n\t\t\t\t\t\t<div class=\"elementor-element elementor-element-42aa740 premium-lq__none elementor-widget elementor-widget-premium-addon-button\" data-id=\"42aa740\" data-element_type=\"widget\" data-e-type=\"widget\" data-widget_type=\"premium-addon-button.default\">\n\t\t\t\t<div class=\"elementor-widget-container\">\n\t\t\t\t\t\n\n\t\t<a class=\"premium-button premium-button-none premium-btn-lg premium-button-none\" href=\"https:\/\/www.kunterbunt-oberdorf.ch\/wp-content\/uploads\/2024\/02\/Familien-Treff-Angebot-Flyer-1.pdf\" target=\"_blank\">\n\t\t\t<div class=\"premium-button-text-icon-wrapper\">\n\t\t\t\t\n\t\t\t\t\t\t\t\t\t<span >\n\t\t\t\t\t\tDownload \"Angebot Familien-Treff\"\t\t\t\t\t<\/span>\n\t\t\t\t\t\t\t<\/div>\n\n\t\t\t\n\t\t\t\n\t\t\t\n\t\t<\/a>\n\n\n\t\t\t\t\t\t<\/div>\n\t\t\t\t<\/div>\n\t\t\t\t\t<\/div>\n\t\t<\/div>\n\t\t\t\t\t<\/div>\n\t\t<\/section>\n\t\t\t\t<section class=\"elementor-section elementor-top-section elementor-element elementor-element-dcc5592 elementor-section-boxed elementor-section-height-default elementor-section-height-default\" data-id=\"dcc5592\" data-element_type=\"section\" data-e-type=\"section\">\n\t\t\t\t\t\t<div class=\"elementor-container elementor-column-gap-default\">\n\t\t\t\t\t<div class=\"elementor-column elementor-col-100 elementor-top-column elementor-element elementor-element-6e8ecdf\" data-id=\"6e8ecdf\" data-element_type=\"column\" data-e-type=\"column\">\n\t\t\t<div class=\"elementor-widget-wrap elementor-element-populated\">\n\t\t\t\t\t\t<div class=\"elementor-element elementor-element-d704069 elementor-hidden-desktop elementor-hidden-tablet elementor-widget elementor-widget-spacer\" data-id=\"d704069\" data-element_type=\"widget\" data-e-type=\"widget\" data-widget_type=\"spacer.default\">\n\t\t\t\t<div class=\"elementor-widget-container\">\n\t\t\t\t\t\t\t<div class=\"elementor-spacer\">\n\t\t\t<div class=\"elementor-spacer-inner\"><\/div>\n\t\t<\/div>\n\t\t\t\t\t\t<\/div>\n\t\t\t\t<\/div>\n\t\t\t\t<div class=\"elementor-element elementor-element-2363ee7 elementor-widget elementor-widget-image\" data-id=\"2363ee7\" data-element_type=\"widget\" data-e-type=\"widget\" data-widget_type=\"image.default\">\n\t\t\t\t<div class=\"elementor-widget-container\">\n\t\t\t\t\t\t\t\t\t\t\t\t\t\t\t<img fetchpriority=\"high\" decoding=\"async\" width=\"1024\" height=\"67\" src=\"https:\/\/www.kunterbunt-oberdorf.ch\/wp-content\/uploads\/2023\/05\/Maennlikette-aneinander-1024x67.png\" class=\"attachment-large size-large wp-image-377\" alt=\"\" srcset=\"https:\/\/www.kunterbunt-oberdorf.ch\/wp-content\/uploads\/2023\/05\/Maennlikette-aneinander-1024x67.png 1024w, https:\/\/www.kunterbunt-oberdorf.ch\/wp-content\/uploads\/2023\/05\/Maennlikette-aneinander-300x20.png 300w, https:\/\/www.kunterbunt-oberdorf.ch\/wp-content\/uploads\/2023\/05\/Maennlikette-aneinander-768x50.png 768w, https:\/\/www.kunterbunt-oberdorf.ch\/wp-content\/uploads\/2023\/05\/Maennlikette-aneinander-1536x101.png 1536w, https:\/\/www.kunterbunt-oberdorf.ch\/wp-content\/uploads\/2023\/05\/Maennlikette-aneinander-2048x135.png 2048w\" sizes=\"(max-width: 1024px) 100vw, 1024px\" \/>\t\t\t\t\t\t\t\t\t\t\t\t\t\t\t<\/div>\n\t\t\t\t<\/div>\n\t\t\t\t\t<\/div>\n\t\t<\/div>\n\t\t\t\t\t<\/div>\n\t\t<\/section>\n\t\t\t\t<section class=\"elementor-section elementor-top-section elementor-element elementor-element-ab53c94 elementor-section-boxed elementor-section-height-default elementor-section-height-default\" data-id=\"ab53c94\" data-element_type=\"section\" data-e-type=\"section\">\n\t\t\t\t\t\t<div class=\"elementor-container elementor-column-gap-default\">\n\t\t\t\t\t<div class=\"elementor-column elementor-col-100 elementor-top-column elementor-element elementor-element-9dbf195\" data-id=\"9dbf195\" data-element_type=\"column\" data-e-type=\"column\">\n\t\t\t<div class=\"elementor-widget-wrap elementor-element-populated\">\n\t\t\t\t\t\t<div class=\"elementor-element elementor-element-32b27fc elementor-widget elementor-widget-spacer\" data-id=\"32b27fc\" data-element_type=\"widget\" data-e-type=\"widget\" data-widget_type=\"spacer.default\">\n\t\t\t\t<div class=\"elementor-widget-container\">\n\t\t\t\t\t\t\t<div class=\"elementor-spacer\">\n\t\t\t<div class=\"elementor-spacer-inner\"><\/div>\n\t\t<\/div>\n\t\t\t\t\t\t<\/div>\n\t\t\t\t<\/div>\n\t\t\t\t<div class=\"elementor-element elementor-element-ced2b3b elementor-widget elementor-widget-heading\" data-id=\"ced2b3b\" data-element_type=\"widget\" data-e-type=\"widget\" data-widget_type=\"heading.default\">\n\t\t\t\t<div class=\"elementor-widget-container\">\n\t\t\t\t\t<h2 class=\"elementor-heading-title elementor-size-default\">Wir suchen dich!<\/h2>\t\t\t\t<\/div>\n\t\t\t\t<\/div>\n\t\t\t\t<div class=\"elementor-element elementor-element-8d44b91 elementor-widget elementor-widget-text-editor\" data-id=\"8d44b91\" data-element_type=\"widget\" data-e-type=\"widget\" data-widget_type=\"text-editor.default\">\n\t\t\t\t<div class=\"elementor-widget-container\">\n\t\t\t\t\t\t\t\t\t<p class=\"x_MsoNormal\" style=\"text-align: center;\">Kannst du dir vorstellen im Wechsel oder ab und zu den Familientreff zu betreuen?<\/p>\n<p class=\"x_MsoNormal\" style=\"text-align: center;\">Dann melde dich bitte bei: Anita Bisang, 079 337 29 69&nbsp;<\/p>\t\t\t\t\t\t\t\t<\/div>\n\t\t\t\t<\/div>\n\t\t\t\t\t<\/div>\n\t\t<\/div>\n\t\t\t\t\t<\/div>\n\t\t<\/section>\n\t\t\t\t<\/div>\n\t\t","protected":false},"excerpt":{"rendered":"<p>Familientreff Der Familien-Treff ist ein offener und unverbindlicher Treffpunkt f\u00fcr M\u00fctter und V\u00e4ter mit ihren Kindern, Kleinkindern und Babys. In entspannter Atmosph\u00e4re und kindgerechter Umgebung k\u00f6nnen die Eltern Erfahrungen austauschen, \u00fcber Alltagsprobleme diskutieren und andere Mamis und Papis kennen lernen. Die Kinder kn\u00fcpfen erste Freundschaften und spielen zusammen. Herzlich laden wir Sie ein, vorbeizuschauen! Bitte [&hellip;]<\/p>\n","protected":false},"author":2,"featured_media":0,"parent":0,"menu_order":0,"comment_status":"closed","ping_status":"closed","template":"","meta":{"site-sidebar-layout":"no-sidebar","site-content-layout":"page-builder","ast-site-content-layout":"default","site-content-style":"default","site-sidebar-style":"default","ast-global-header-display":"","ast-banner-title-visibility":"","ast-main-header-display":"","ast-hfb-above-header-display":"","ast-hfb-below-header-display":"","ast-hfb-mobile-header-display":"","site-post-title":"disabled","ast-breadcrumbs-content":"","ast-featured-img":"disabled","footer-sml-layout":"","theme-transparent-header-meta":"","adv-header-id-meta":"","stick-header-meta":"","header-above-stick-meta":"","header-main-stick-meta":"","header-below-stick-meta":"","astra-migrate-meta-layouts":"default","ast-page-background-enabled":"default","ast-page-background-meta":{"desktop":{"background-color":"var(--ast-global-color-4)","background-image":"","background-repeat":"repeat","background-position":"center center","background-size":"auto","background-attachment":"scroll","background-type":"","background-media":"","overlay-type":"","overlay-color":"","overlay-opacity":"","overlay-gradient":""},"tablet":{"background-color":"","background-image":"","background-repeat":"repeat","background-position":"center center","background-size":"auto","background-attachment":"scroll","background-type":"","background-media":"","overlay-type":"","overlay-color":"","overlay-opacity":"","overlay-gradient":""},"mobile":{"background-color":"","background-image":"","background-repeat":"repeat","background-position":"center center","background-size":"auto","background-attachment":"scroll","background-type":"","background-media":"","overlay-type":"","overlay-color":"","overlay-opacity":"","overlay-gradient":""}},"ast-content-background-meta":{"desktop":{"background-color":"var(--ast-global-color-5)","background-image":"","background-repeat":"repeat","background-position":"center center","background-size":"auto","background-attachment":"scroll","background-type":"","background-media":"","overlay-type":"","overlay-color":"","overlay-opacity":"","overlay-gradient":""},"tablet":{"background-color":"var(--ast-global-color-5)","background-image":"","background-repeat":"repeat","background-position":"center center","background-size":"auto","background-attachment":"scroll","background-type":"","background-media":"","overlay-type":"","overlay-color":"","overlay-opacity":"","overlay-gradient":""},"mobile":{"background-color":"var(--ast-global-color-5)","background-image":"","background-repeat":"repeat","background-position":"center center","background-size":"auto","background-attachment":"scroll","background-type":"","background-media":"","overlay-type":"","overlay-color":"","overlay-opacity":"","overlay-gradient":""}},"footnotes":""},"class_list":["post-290","page","type-page","status-publish","hentry"],"_links":{"self":[{"href":"https:\/\/www.kunterbunt-oberdorf.ch\/index.php?rest_route=\/wp\/v2\/pages\/290","targetHints":{"allow":["GET"]}}],"collection":[{"href":"https:\/\/www.kunterbunt-oberdorf.ch\/index.php?rest_route=\/wp\/v2\/pages"}],"about":[{"href":"https:\/\/www.kunterbunt-oberdorf.ch\/index.php?rest_route=\/wp\/v2\/types\/page"}],"author":[{"embeddable":true,"href":"https:\/\/www.kunterbunt-oberdorf.ch\/index.php?rest_route=\/wp\/v2\/users\/2"}],"replies":[{"embeddable":true,"href":"https:\/\/www.kunterbunt-oberdorf.ch\/index.php?rest_route=%2Fwp%2Fv2%2Fcomments&post=290"}],"version-history":[{"count":38,"href":"https:\/\/www.kunterbunt-oberdorf.ch\/index.php?rest_route=\/wp\/v2\/pages\/290\/revisions"}],"predecessor-version":[{"id":873,"href":"https:\/\/www.kunterbunt-oberdorf.ch\/index.php?rest_route=\/wp\/v2\/pages\/290\/revisions\/873"}],"wp:attachment":[{"href":"https:\/\/www.kunterbunt-oberdorf.ch\/index.php?rest_route=%2Fwp%2Fv2%2Fmedia&parent=290"}],"curies":[{"name":"wp","href":"https:\/\/api.w.org\/{rel}","templated":true}]}}