{"id":103,"date":"2023-06-03T13:41:53","date_gmt":"2023-06-03T11:41:53","guid":{"rendered":"https:\/\/www.kunterbunt-oberdorf.ch\/?page_id=103"},"modified":"2026-04-04T12:02:29","modified_gmt":"2026-04-04T10:02:29","slug":"anmeldung-online","status":"publish","type":"page","link":"https:\/\/www.kunterbunt-oberdorf.ch\/?page_id=103","title":{"rendered":"Anmeldung online"},"content":{"rendered":"\t\t<div data-elementor-type=\"wp-page\" data-elementor-id=\"103\" class=\"elementor elementor-103\">\n\t\t\t\t\t\t<section class=\"elementor-section elementor-top-section elementor-element elementor-element-c954d92 elementor-section-boxed elementor-section-height-default elementor-section-height-default\" data-id=\"c954d92\" data-element_type=\"section\" data-e-type=\"section\">\n\t\t\t\t\t\t<div class=\"elementor-container elementor-column-gap-default\">\n\t\t\t\t\t<div class=\"elementor-column elementor-col-100 elementor-top-column elementor-element elementor-element-bbd16f9\" data-id=\"bbd16f9\" data-element_type=\"column\" data-e-type=\"column\">\n\t\t\t<div class=\"elementor-widget-wrap elementor-element-populated\">\n\t\t\t\t\t\t<div class=\"elementor-element elementor-element-2b0fba5 elementor-widget elementor-widget-image\" data-id=\"2b0fba5\" data-element_type=\"widget\" data-e-type=\"widget\" data-widget_type=\"image.default\">\n\t\t\t\t<div class=\"elementor-widget-container\">\n\t\t\t\t\t\t\t\t\t\t\t\t\t\t\t<img fetchpriority=\"high\" decoding=\"async\" width=\"1024\" height=\"67\" src=\"https:\/\/www.kunterbunt-oberdorf.ch\/wp-content\/uploads\/2023\/05\/Maennlikette-aneinander-1024x67.png\" class=\"attachment-large size-large wp-image-377\" alt=\"\" srcset=\"https:\/\/www.kunterbunt-oberdorf.ch\/wp-content\/uploads\/2023\/05\/Maennlikette-aneinander-1024x67.png 1024w, https:\/\/www.kunterbunt-oberdorf.ch\/wp-content\/uploads\/2023\/05\/Maennlikette-aneinander-300x20.png 300w, https:\/\/www.kunterbunt-oberdorf.ch\/wp-content\/uploads\/2023\/05\/Maennlikette-aneinander-768x50.png 768w, https:\/\/www.kunterbunt-oberdorf.ch\/wp-content\/uploads\/2023\/05\/Maennlikette-aneinander-1536x101.png 1536w, https:\/\/www.kunterbunt-oberdorf.ch\/wp-content\/uploads\/2023\/05\/Maennlikette-aneinander-2048x135.png 2048w\" sizes=\"(max-width: 1024px) 100vw, 1024px\" \/>\t\t\t\t\t\t\t\t\t\t\t\t\t\t\t<\/div>\n\t\t\t\t<\/div>\n\t\t\t\t<div class=\"elementor-element elementor-element-7311860 elementor-widget elementor-widget-spacer\" data-id=\"7311860\" data-element_type=\"widget\" data-e-type=\"widget\" data-widget_type=\"spacer.default\">\n\t\t\t\t<div class=\"elementor-widget-container\">\n\t\t\t\t\t\t\t<div class=\"elementor-spacer\">\n\t\t\t<div class=\"elementor-spacer-inner\"><\/div>\n\t\t<\/div>\n\t\t\t\t\t\t<\/div>\n\t\t\t\t<\/div>\n\t\t\t\t<div class=\"elementor-element elementor-element-da69462 elementor-widget elementor-widget-heading\" data-id=\"da69462\" data-element_type=\"widget\" data-e-type=\"widget\" data-widget_type=\"heading.default\">\n\t\t\t\t<div class=\"elementor-widget-container\">\n\t\t\t\t\t<h2 class=\"elementor-heading-title elementor-size-default\">Anmeldung<\/h2>\t\t\t\t<\/div>\n\t\t\t\t<\/div>\n\t\t\t\t<div class=\"elementor-element elementor-element-0750555 elementor-widget elementor-widget-spacer\" data-id=\"0750555\" data-element_type=\"widget\" data-e-type=\"widget\" data-widget_type=\"spacer.default\">\n\t\t\t\t<div class=\"elementor-widget-container\">\n\t\t\t\t\t\t\t<div class=\"elementor-spacer\">\n\t\t\t<div class=\"elementor-spacer-inner\"><\/div>\n\t\t<\/div>\n\t\t\t\t\t\t<\/div>\n\t\t\t\t<\/div>\n\t\t\t\t<div class=\"elementor-element elementor-element-b69f6cb elementor-widget elementor-widget-text-editor\" data-id=\"b69f6cb\" data-element_type=\"widget\" data-e-type=\"widget\" data-widget_type=\"text-editor.default\">\n\t\t\t\t<div class=\"elementor-widget-container\">\n\t\t\t\t\t\t\t\t\t<p style=\"text-align: left;\">Sie m\u00f6chten Ihr Kind f\u00fcr die Spielgruppe Kunterbunt anmelden? Wir freuen uns, von Ihnen zu h\u00f6ren! Sie haben nun folgende M\u00f6glichkeiten:<\/p><ul><li style=\"text-align: left;\">Online-Anmeldung: F\u00fcllen Sie das untenstehende Formular aus.<\/li><li style=\"text-align: left;\">Per Post: Laden Sie das PDF herunter und drucken Sie es aus. Das ausgef\u00fcllte Formular k\u00f6nnen Sie an folgende Adresse verschicken: <strong>Anita Bisang, Badweg 9, 4436 Oberdorf<\/strong><\/li><\/ul>\t\t\t\t\t\t\t\t<\/div>\n\t\t\t\t<\/div>\n\t\t\t\t<div class=\"elementor-element elementor-element-d2fccdf premium-lq__none elementor-widget elementor-widget-premium-addon-button\" data-id=\"d2fccdf\" data-element_type=\"widget\" data-e-type=\"widget\" data-widget_type=\"premium-addon-button.default\">\n\t\t\t\t<div class=\"elementor-widget-container\">\n\t\t\t\t\t\n\n\t\t<a class=\"premium-button premium-button-none premium-btn-lg premium-button-none\" href=\"https:\/\/www.kunterbunt-oberdorf.ch\/wp-content\/uploads\/2026\/04\/Angebot_Neu.pdf\" target=\"_blank\">\n\t\t\t<div class=\"premium-button-text-icon-wrapper\">\n\t\t\t\t\n\t\t\t\t\t\t\t\t\t<span >\n\t\t\t\t\t\tDownload \"Anmeldung\"\t\t\t\t\t<\/span>\n\t\t\t\t\t\t\t<\/div>\n\n\t\t\t\n\t\t\t\n\t\t\t\n\t\t<\/a>\n\n\n\t\t\t\t\t\t<\/div>\n\t\t\t\t<\/div>\n\t\t\t\t\t<\/div>\n\t\t<\/div>\n\t\t\t\t\t<\/div>\n\t\t<\/section>\n\t\t\t\t<section class=\"elementor-section elementor-top-section elementor-element elementor-element-4f0fd38 elementor-section-boxed elementor-section-height-default elementor-section-height-default\" data-id=\"4f0fd38\" data-element_type=\"section\" data-e-type=\"section\" data-settings=\"{&quot;background_background&quot;:&quot;classic&quot;}\">\n\t\t\t\t\t\t\t<div class=\"elementor-background-overlay\"><\/div>\n\t\t\t\t\t\t\t<div class=\"elementor-container elementor-column-gap-default\">\n\t\t\t\t\t<div class=\"elementor-column elementor-col-100 elementor-top-column elementor-element elementor-element-9148cc0\" data-id=\"9148cc0\" data-element_type=\"column\" data-e-type=\"column\">\n\t\t\t<div class=\"elementor-widget-wrap elementor-element-populated\">\n\t\t\t\t\t\t<div class=\"elementor-element elementor-element-28a6b9d elementor-widget elementor-widget-image\" data-id=\"28a6b9d\" data-element_type=\"widget\" data-e-type=\"widget\" data-widget_type=\"image.default\">\n\t\t\t\t<div class=\"elementor-widget-container\">\n\t\t\t\t\t\t\t\t\t\t\t\t\t\t\t<img fetchpriority=\"high\" decoding=\"async\" width=\"1024\" height=\"67\" src=\"https:\/\/www.kunterbunt-oberdorf.ch\/wp-content\/uploads\/2023\/05\/Maennlikette-aneinander-1024x67.png\" class=\"attachment-large size-large wp-image-377\" alt=\"\" srcset=\"https:\/\/www.kunterbunt-oberdorf.ch\/wp-content\/uploads\/2023\/05\/Maennlikette-aneinander-1024x67.png 1024w, https:\/\/www.kunterbunt-oberdorf.ch\/wp-content\/uploads\/2023\/05\/Maennlikette-aneinander-300x20.png 300w, https:\/\/www.kunterbunt-oberdorf.ch\/wp-content\/uploads\/2023\/05\/Maennlikette-aneinander-768x50.png 768w, https:\/\/www.kunterbunt-oberdorf.ch\/wp-content\/uploads\/2023\/05\/Maennlikette-aneinander-1536x101.png 1536w, https:\/\/www.kunterbunt-oberdorf.ch\/wp-content\/uploads\/2023\/05\/Maennlikette-aneinander-2048x135.png 2048w\" sizes=\"(max-width: 1024px) 100vw, 1024px\" \/>\t\t\t\t\t\t\t\t\t\t\t\t\t\t\t<\/div>\n\t\t\t\t<\/div>\n\t\t\t\t<div class=\"elementor-element elementor-element-e895899 elementor-widget elementor-widget-wpforms\" data-id=\"e895899\" data-element_type=\"widget\" data-e-type=\"widget\" data-widget_type=\"wpforms.default\">\n\t\t\t\t<div class=\"elementor-widget-container\">\n\t\t\t\t\t<div class=\"wpforms-container wpforms-container-full wpforms-render-modern\" id=\"wpforms-325\"><form id=\"wpforms-form-325\" class=\"wpforms-validate wpforms-form wpforms-ajax-form\" data-formid=\"325\" method=\"post\" enctype=\"multipart\/form-data\" action=\"\/index.php?rest_route=%2Fwp%2Fv2%2Fpages%2F103\" data-token=\"ccd591e19d78ce824cd967e6df9647af\" data-token-time=\"1777974166\"><div class=\"wpforms-head-container\"><div class=\"wpforms-title\">Anmeldung f\u00fcr die Spielgruppe Kunterbunt<\/div><div class=\"wpforms-description\">Sie k\u00f6nnen Ihr Kind online mit diesem Formular anmelden. Bitte alle Angaben korrekt ausf\u00fcllen! Bei Erhalt Ihrer Anmeldung werden wir uns bei gegebener Zeit bei Ihnen melden.<\/div><\/div><noscript class=\"wpforms-error-noscript\">Bitte aktiviere JavaScript in deinem Browser, um dieses Formular fertigzustellen.<\/noscript><div id=\"wpforms-error-noscript\" style=\"display: none;\">Bitte aktiviere JavaScript in deinem Browser, um dieses Formular fertigzustellen.<\/div><div class=\"wpforms-field-container\"><div id=\"wpforms-325-field_4-container\" class=\"wpforms-field wpforms-field-text\" data-field-id=\"4\"><label class=\"wpforms-field-label\" for=\"wpforms-325-field_4\">Familienname <span class=\"wpforms-required-label\" aria-hidden=\"true\">*<\/span><\/label><input type=\"text\" id=\"wpforms-325-field_4\" class=\"wpforms-field-medium wpforms-field-required\" name=\"wpforms[fields][4]\" aria-errormessage=\"wpforms-325-field_4-error\" required><\/div><div id=\"wpforms-325-field_5-container\" class=\"wpforms-field wpforms-field-text\" data-field-id=\"5\"><label class=\"wpforms-field-label\" for=\"wpforms-325-field_5\">Vorname des Kindes <span class=\"wpforms-required-label\" aria-hidden=\"true\">*<\/span><\/label><input type=\"text\" id=\"wpforms-325-field_5\" class=\"wpforms-field-medium wpforms-field-required\" name=\"wpforms[fields][5]\" aria-errormessage=\"wpforms-325-field_5-error\" required><\/div><div id=\"wpforms-325-field_6-container\" class=\"wpforms-field wpforms-field-text\" data-field-id=\"6\"><label class=\"wpforms-field-label\" for=\"wpforms-325-field_6\">Geburtsdatum des Kindes <span class=\"wpforms-required-label\" aria-hidden=\"true\">*<\/span><\/label><input type=\"text\" id=\"wpforms-325-field_6\" class=\"wpforms-field-medium wpforms-field-required\" name=\"wpforms[fields][6]\" aria-errormessage=\"wpforms-325-field_6-error\" aria-describedby=\"wpforms-325-field_6-description\" required><div id=\"wpforms-325-field_6-description\" class=\"wpforms-field-description\">TT.MM.JJJJ<\/div><\/div><div id=\"wpforms-325-field_7-container\" class=\"wpforms-field wpforms-field-text\" data-field-id=\"7\"><label class=\"wpforms-field-label\" for=\"wpforms-325-field_7\">Muttersprache des Kindes <span class=\"wpforms-required-label\" aria-hidden=\"true\">*<\/span><\/label><input type=\"text\" id=\"wpforms-325-field_7\" class=\"wpforms-field-medium wpforms-field-required\" name=\"wpforms[fields][7]\" aria-errormessage=\"wpforms-325-field_7-error\" required><\/div><div id=\"wpforms-325-field_20-container\" class=\"wpforms-field wpforms-field-radio\" data-field-id=\"20\"><fieldset><legend class=\"wpforms-field-label\">Fr\u00fchf\u00f6rderung in deutscher Sprache<\/legend><ul id=\"wpforms-325-field_20\"><li class=\"choice-1 depth-1\"><input type=\"radio\" id=\"wpforms-325-field_20_1\" name=\"wpforms[fields][20]\" value=\"Ja\" aria-errormessage=\"wpforms-325-field_20_1-error\" aria-describedby=\"wpforms-325-field_20-description\"  ><label class=\"wpforms-field-label-inline\" for=\"wpforms-325-field_20_1\">Ja<\/label><\/li><li class=\"choice-2 depth-1\"><input type=\"radio\" id=\"wpforms-325-field_20_2\" name=\"wpforms[fields][20]\" value=\"Nein\" aria-errormessage=\"wpforms-325-field_20_2-error\" aria-describedby=\"wpforms-325-field_20-description\"  ><label class=\"wpforms-field-label-inline\" for=\"wpforms-325-field_20_2\">Nein<\/label><\/li><\/ul><div id=\"wpforms-325-field_20-description\" class=\"wpforms-field-description\">(nur wenn Muttersprache nicht Deutsch ist)<\/div><\/fieldset><\/div><div id=\"wpforms-325-field_8-container\" class=\"wpforms-field wpforms-field-text\" data-field-id=\"8\"><label class=\"wpforms-field-label\" for=\"wpforms-325-field_8\">Vornamen der Eltern <span class=\"wpforms-required-label\" aria-hidden=\"true\">*<\/span><\/label><input type=\"text\" id=\"wpforms-325-field_8\" class=\"wpforms-field-medium wpforms-field-required\" name=\"wpforms[fields][8]\" aria-errormessage=\"wpforms-325-field_8-error\" required><\/div><div id=\"wpforms-325-field_9-container\" class=\"wpforms-field wpforms-field-text\" data-field-id=\"9\"><label class=\"wpforms-field-label\" for=\"wpforms-325-field_9\">Strasse, Hausnummer <span class=\"wpforms-required-label\" aria-hidden=\"true\">*<\/span><\/label><input type=\"text\" id=\"wpforms-325-field_9\" class=\"wpforms-field-medium wpforms-field-required\" name=\"wpforms[fields][9]\" aria-errormessage=\"wpforms-325-field_9-error\" required><\/div><div id=\"wpforms-325-field_10-container\" class=\"wpforms-field wpforms-field-text\" data-field-id=\"10\"><label class=\"wpforms-field-label\" for=\"wpforms-325-field_10\">PLZ, Ort <span class=\"wpforms-required-label\" aria-hidden=\"true\">*<\/span><\/label><input type=\"text\" id=\"wpforms-325-field_10\" class=\"wpforms-field-medium wpforms-field-required\" name=\"wpforms[fields][10]\" aria-errormessage=\"wpforms-325-field_10-error\" required><\/div><div id=\"wpforms-325-field_11-container\" class=\"wpforms-field wpforms-field-text\" data-field-id=\"11\"><label class=\"wpforms-field-label\" for=\"wpforms-325-field_11\">Telefon\/Handynummer <span class=\"wpforms-required-label\" aria-hidden=\"true\">*<\/span><\/label><input type=\"text\" id=\"wpforms-325-field_11\" class=\"wpforms-field-medium wpforms-field-required\" name=\"wpforms[fields][11]\" aria-errormessage=\"wpforms-325-field_11-error\" required><\/div><div id=\"wpforms-325-field_14-container\" class=\"wpforms-field wpforms-field-email\" data-field-id=\"14\"><label class=\"wpforms-field-label\" for=\"wpforms-325-field_14\">E-Mail <span class=\"wpforms-required-label\" aria-hidden=\"true\">*<\/span><\/label><input type=\"email\" id=\"wpforms-325-field_14\" class=\"wpforms-field-medium wpforms-field-required\" name=\"wpforms[fields][14]\" spellcheck=\"false\" aria-errormessage=\"wpforms-325-field_14-error\" required><\/div><div id=\"wpforms-325-field_16-container\" class=\"wpforms-field wpforms-field-select wpforms-field-select-style-modern\" data-field-id=\"16\"><label class=\"wpforms-field-label\" for=\"wpforms-325-field_16\">Anmeldung pro Woche <span class=\"wpforms-required-label\" aria-hidden=\"true\">*<\/span><\/label><select id=\"wpforms-325-field_16\" class=\"wpforms-field-medium wpforms-field-required choicesjs-select\" data-size-class=\"wpforms-field-row wpforms-field-medium\" data-search-enabled=\"\" name=\"wpforms[fields][16]\" required=\"required\"><option value=\"\" class=\"placeholder\" disabled  selected='selected'><\/option><option value=\"1x\"  class=\"choice-1 depth-1\"  >1x<\/option><option value=\"2x\"  class=\"choice-2 depth-1\"  >2x<\/option><option value=\"3x\"  class=\"choice-3 depth-1\"  >3x<\/option><\/select><div id=\"wpforms-325-field_16-description\" class=\"wpforms-field-description\">W\u00e4hlen Sie aus, wie oft Ihr Kind die Spielgruppe in der Woche besuchen soll. \n<\/div><\/div><div id=\"wpforms-325-field_22-container\" class=\"wpforms-field wpforms-field-checkbox\" data-field-id=\"22\"><fieldset><legend class=\"wpforms-field-label\">Bevorzugte Vormittage<\/legend><ul id=\"wpforms-325-field_22\"><li class=\"choice-1 depth-1\"><input type=\"checkbox\" id=\"wpforms-325-field_22_1\" name=\"wpforms[fields][22][]\" value=\"Montag\" aria-errormessage=\"wpforms-325-field_22_1-error\"  ><label class=\"wpforms-field-label-inline\" for=\"wpforms-325-field_22_1\">Montag<\/label><\/li><li class=\"choice-6 depth-1\"><input type=\"checkbox\" id=\"wpforms-325-field_22_6\" name=\"wpforms[fields][22][]\" value=\"Dienstag\" aria-errormessage=\"wpforms-325-field_22_6-error\"  ><label class=\"wpforms-field-label-inline\" for=\"wpforms-325-field_22_6\">Dienstag<\/label><\/li><li class=\"choice-3 depth-1\"><input type=\"checkbox\" id=\"wpforms-325-field_22_3\" name=\"wpforms[fields][22][]\" value=\"Mittwoch\" aria-errormessage=\"wpforms-325-field_22_3-error\"  ><label class=\"wpforms-field-label-inline\" for=\"wpforms-325-field_22_3\">Mittwoch<\/label><\/li><li class=\"choice-4 depth-1\"><input type=\"checkbox\" id=\"wpforms-325-field_22_4\" name=\"wpforms[fields][22][]\" value=\"Donnerstag\" aria-errormessage=\"wpforms-325-field_22_4-error\"  ><label class=\"wpforms-field-label-inline\" for=\"wpforms-325-field_22_4\">Donnerstag<\/label><\/li><li class=\"choice-5 depth-1\"><input type=\"checkbox\" id=\"wpforms-325-field_22_5\" name=\"wpforms[fields][22][]\" value=\"Freitag\" aria-errormessage=\"wpforms-325-field_22_5-error\"  ><label class=\"wpforms-field-label-inline\" for=\"wpforms-325-field_22_5\">Freitag<\/label><\/li><\/ul><\/fieldset><\/div><div id=\"wpforms-325-field_23-container\" class=\"wpforms-field wpforms-field-checkbox\" data-field-id=\"23\"><fieldset><legend class=\"wpforms-field-label\">Nachmittage<\/legend><ul id=\"wpforms-325-field_23\"><li class=\"choice-2 depth-1\"><input type=\"checkbox\" id=\"wpforms-325-field_23_2\" name=\"wpforms[fields][23][]\" value=\"Dienstag &quot;Entdecker Spielgruppe&quot;\" aria-errormessage=\"wpforms-325-field_23_2-error\" aria-describedby=\"wpforms-325-field_23-description\"  ><label class=\"wpforms-field-label-inline\" for=\"wpforms-325-field_23_2\">Dienstag \"Entdecker Spielgruppe\"<\/label><\/li><li class=\"choice-4 depth-1\"><input type=\"checkbox\" id=\"wpforms-325-field_23_4\" name=\"wpforms[fields][23][]\" value=\"Donnerstag &quot;Draussen-Bauernhof Spielgruppe&quot;\" aria-errormessage=\"wpforms-325-field_23_4-error\" aria-describedby=\"wpforms-325-field_23-description\"  ><label class=\"wpforms-field-label-inline\" for=\"wpforms-325-field_23_4\">Donnerstag \"Draussen-Bauernhof Spielgruppe\"<\/label><\/li><\/ul><div id=\"wpforms-325-field_23-description\" class=\"wpforms-field-description\">Ankreuzen, falls Sie Ihr Kind f\u00fcr einen Nachmittag anmelden wollen.<\/div><\/fieldset><\/div><div id=\"wpforms-325-field_21-container\" class=\"wpforms-field wpforms-field-textarea\" data-field-id=\"21\"><label class=\"wpforms-field-label\" for=\"wpforms-325-field_21\">Bemerkung <\/label><textarea id=\"wpforms-325-field_21\" class=\"wpforms-field-medium\" name=\"wpforms[fields][21]\" aria-errormessage=\"wpforms-325-field_21-error\" ><\/textarea><\/div><div id=\"wpforms-325-field_19-container\" class=\"wpforms-field wpforms-field-textarea\" data-field-id=\"19\"><label class=\"wpforms-field-label\" for=\"wpforms-325-field_19\">Allf\u00e4llige Krankheiten, Allergien des Kindes<\/label><textarea id=\"wpforms-325-field_19\" class=\"wpforms-field-medium\" name=\"wpforms[fields][19]\" aria-errormessage=\"wpforms-325-field_19-error\" ><\/textarea><\/div><div id=\"wpforms-325-field_17-container\" class=\"wpforms-field wpforms-field-checkbox\" data-field-id=\"17\"><fieldset><legend class=\"wpforms-field-label\"> <span class=\"wpforms-required-label\" aria-hidden=\"true\">*<\/span><\/legend><ul id=\"wpforms-325-field_17\" class=\"wpforms-field-required\"><li class=\"choice-3 depth-1\"><input type=\"checkbox\" id=\"wpforms-325-field_17_3\" name=\"wpforms[fields][17][]\" value=\"Ich bin einverstanden, dass Fotos meines Kindes auf der Homepage und auf den Flyern des Spielgruppenvereins ver\u00f6ffentlicht werden.\" aria-errormessage=\"wpforms-325-field_17_3-error\" required ><label class=\"wpforms-field-label-inline\" for=\"wpforms-325-field_17_3\">Ich bin einverstanden, dass Fotos meines Kindes auf der Homepage und auf den Flyern des Spielgruppenvereins ver\u00f6ffentlicht werden.<\/label><\/li><li class=\"choice-2 depth-1\"><input type=\"checkbox\" id=\"wpforms-325-field_17_2\" name=\"wpforms[fields][17][]\" value=\"Ich bin einverstanden, dass ich Mitglied des Gruppen Chats bin.\" aria-errormessage=\"wpforms-325-field_17_2-error\" required ><label class=\"wpforms-field-label-inline\" for=\"wpforms-325-field_17_2\">Ich bin einverstanden, dass ich Mitglied des Gruppen Chats bin.<\/label><\/li><li class=\"choice-1 depth-1\"><input type=\"checkbox\" id=\"wpforms-325-field_17_1\" name=\"wpforms[fields][17][]\" value=\"Ich akzeptiere die vertraglichen Bedingungen des Spg Verein 44 Oberdorf\" aria-errormessage=\"wpforms-325-field_17_1-error\" required ><label class=\"wpforms-field-label-inline\" for=\"wpforms-325-field_17_1\">Ich akzeptiere die vertraglichen Bedingungen des Spg Verein 44 Oberdorf<\/label><\/li><\/ul><\/fieldset><\/div><\/div><!-- .wpforms-field-container --><div class=\"wpforms-submit-container\" ><input type=\"hidden\" name=\"wpforms[id]\" value=\"325\"><input type=\"hidden\" name=\"page_title\" value=\"\"><input type=\"hidden\" name=\"page_url\" value=\"https:\/\/www.kunterbunt-oberdorf.ch\/index.php?rest_route=\/wp\/v2\/pages\/103\"><input type=\"hidden\" name=\"url_referer\" value=\"\"><button type=\"submit\" name=\"wpforms[submit]\" id=\"wpforms-submit-325\" class=\"wpforms-submit\" data-alt-text=\"Senden\u2026\" data-submit-text=\"Absenden\" aria-live=\"assertive\" value=\"wpforms-submit\">Absenden<\/button><img decoding=\"async\" src=\"https:\/\/www.kunterbunt-oberdorf.ch\/wp-content\/plugins\/wpforms-lite\/assets\/images\/submit-spin.svg\" class=\"wpforms-submit-spinner\" style=\"display: none;\" width=\"26\" height=\"26\" alt=\"Wird geladen\"><\/div><\/form><\/div>  <!-- .wpforms-container -->\t\t\t\t<\/div>\n\t\t\t\t<\/div>\n\t\t\t\t\t<\/div>\n\t\t<\/div>\n\t\t\t\t\t<\/div>\n\t\t<\/section>\n\t\t\t\t<\/div>\n\t\t","protected":false},"excerpt":{"rendered":"<p>Anmeldung Sie m\u00f6chten Ihr Kind f\u00fcr die Spielgruppe Kunterbunt anmelden? Wir freuen uns, von Ihnen zu h\u00f6ren! Sie haben nun folgende M\u00f6glichkeiten: Online-Anmeldung: F\u00fcllen Sie das untenstehende Formular aus. Per Post: Laden Sie das PDF herunter und drucken Sie es aus. Das ausgef\u00fcllte Formular k\u00f6nnen Sie an folgende Adresse verschicken: Anita Bisang, Badweg 9, 4436 [&hellip;]<\/p>\n","protected":false},"author":2,"featured_media":0,"parent":0,"menu_order":0,"comment_status":"closed","ping_status":"closed","template":"","meta":{"site-sidebar-layout":"no-sidebar","site-content-layout":"page-builder","ast-site-content-layout":"default","site-content-style":"default","site-sidebar-style":"default","ast-global-header-display":"","ast-banner-title-visibility":"","ast-main-header-display":"","ast-hfb-above-header-display":"","ast-hfb-below-header-display":"","ast-hfb-mobile-header-display":"","site-post-title":"disabled","ast-breadcrumbs-content":"","ast-featured-img":"disabled","footer-sml-layout":"","theme-transparent-header-meta":"","adv-header-id-meta":"","stick-header-meta":"","header-above-stick-meta":"","header-main-stick-meta":"","header-below-stick-meta":"","astra-migrate-meta-layouts":"default","ast-page-background-enabled":"default","ast-page-background-meta":{"desktop":{"background-color":"var(--ast-global-color-4)","background-image":"","background-repeat":"repeat","background-position":"center center","background-size":"auto","background-attachment":"scroll","background-type":"","background-media":"","overlay-type":"","overlay-color":"","overlay-opacity":"","overlay-gradient":""},"tablet":{"background-color":"","background-image":"","background-repeat":"repeat","background-position":"center center","background-size":"auto","background-attachment":"scroll","background-type":"","background-media":"","overlay-type":"","overlay-color":"","overlay-opacity":"","overlay-gradient":""},"mobile":{"background-color":"","background-image":"","background-repeat":"repeat","background-position":"center center","background-size":"auto","background-attachment":"scroll","background-type":"","background-media":"","overlay-type":"","overlay-color":"","overlay-opacity":"","overlay-gradient":""}},"ast-content-background-meta":{"desktop":{"background-color":"var(--ast-global-color-5)","background-image":"","background-repeat":"repeat","background-position":"center center","background-size":"auto","background-attachment":"scroll","background-type":"","background-media":"","overlay-type":"","overlay-color":"","overlay-opacity":"","overlay-gradient":""},"tablet":{"background-color":"var(--ast-global-color-5)","background-image":"","background-repeat":"repeat","background-position":"center center","background-size":"auto","background-attachment":"scroll","background-type":"","background-media":"","overlay-type":"","overlay-color":"","overlay-opacity":"","overlay-gradient":""},"mobile":{"background-color":"var(--ast-global-color-5)","background-image":"","background-repeat":"repeat","background-position":"center center","background-size":"auto","background-attachment":"scroll","background-type":"","background-media":"","overlay-type":"","overlay-color":"","overlay-opacity":"","overlay-gradient":""}},"footnotes":""},"class_list":["post-103","page","type-page","status-publish","hentry"],"_links":{"self":[{"href":"https:\/\/www.kunterbunt-oberdorf.ch\/index.php?rest_route=\/wp\/v2\/pages\/103","targetHints":{"allow":["GET"]}}],"collection":[{"href":"https:\/\/www.kunterbunt-oberdorf.ch\/index.php?rest_route=\/wp\/v2\/pages"}],"about":[{"href":"https:\/\/www.kunterbunt-oberdorf.ch\/index.php?rest_route=\/wp\/v2\/types\/page"}],"author":[{"embeddable":true,"href":"https:\/\/www.kunterbunt-oberdorf.ch\/index.php?rest_route=\/wp\/v2\/users\/2"}],"replies":[{"embeddable":true,"href":"https:\/\/www.kunterbunt-oberdorf.ch\/index.php?rest_route=%2Fwp%2Fv2%2Fcomments&post=103"}],"version-history":[{"count":34,"href":"https:\/\/www.kunterbunt-oberdorf.ch\/index.php?rest_route=\/wp\/v2\/pages\/103\/revisions"}],"predecessor-version":[{"id":952,"href":"https:\/\/www.kunterbunt-oberdorf.ch\/index.php?rest_route=\/wp\/v2\/pages\/103\/revisions\/952"}],"wp:attachment":[{"href":"https:\/\/www.kunterbunt-oberdorf.ch\/index.php?rest_route=%2Fwp%2Fv2%2Fmedia&parent=103"}],"curies":[{"name":"wp","href":"https:\/\/api.w.org\/{rel}","templated":true}]}}